{"id":9,"date":"2015-12-01T01:08:27","date_gmt":"2015-11-30T23:08:27","guid":{"rendered":"http:\/\/pluralismisaatio.fi\/?page_id=9"},"modified":"2024-09-16T12:31:29","modified_gmt":"2024-09-16T09:31:29","slug":"saatio","status":"publish","type":"page","link":"https:\/\/pluralismisaatio.fi\/sv\/saatio\/","title":{"rendered":"Stiftelsen"},"content":{"rendered":"<div class=\"wpb-content-wrapper\">[\/vc_column_text][\/vc_column][\/vc_row][vc_row css=&#8221;.vc_custom_1677431690530{padding-top: 40px !important;}&#8221;][vc_column][vc_column_text]<strong>Stiftelsens tillkomst:<\/strong><\/p>\n<p>Jacob Ehrnrooth grundade Stiftelsen f\u00f6r Pluralism \u00e5r 2012. \u201dBeslutet att grunda en stiftelse mognade under en l\u00e4ngre tid. Min str\u00e4van \u00e4r att p\u00e5 alla omr\u00e5den och p\u00e5 alla s\u00e4tt st\u00f6da pluralism och v\u00e4rdem\u00e4ssig m\u00e5ngfald. I dagens l\u00e4ge beh\u00f6vs framf\u00f6r allt mer tolerans och vidsynthet, annars har vi inte f\u00f6ruts\u00e4ttningar att klara av globaliseringens utmaningar och att utnyttja de m\u00f6jligheter den erbjuder.\u201d<\/p>\n<p><strong>F\u00f6rvaltning:<\/strong><\/p>\n<p>Verkst\u00e4llande direkt\u00f6r:<\/p>\n<p>Petra Ehrnrooth<br \/>\n<a href=\"mailto:Petra@pluralismisaatio.fi\">Petra@pluralismisaatio.fi<\/a><br \/>\n+358 45\u00a0143 8244<\/p>\n<p><strong>Styrelse:<\/strong><\/p>\n<p>Joel Backstr\u00f6m<br \/>\nKarin Creutz<br \/>\nJacob Ehrnrooth (Ordf\u00f6rande)<br \/>\nBert Ekroos<br \/>\nLaura Sepp\u00e4l\u00e4[\/vc_column_text][\/vc_column][\/vc_row][vc_row][vc_column][vc_column_text][\/vc_column_text][\/vc_column][\/vc_row][vc_row css=&#8221;.vc_custom_1677431690530{padding-top: 40px !important;}&#8221;][vc_column][vc_column_text]<strong>Stiftelsens tillkomst:<\/strong><\/p>\n<p>Jacob Ehrnrooth grundade Stiftelsen f\u00f6r Pluralism \u00e5r 2012. \u201dBeslutet att grunda en stiftelse mognade under en l\u00e4ngre tid. Min str\u00e4van \u00e4r att p\u00e5 alla omr\u00e5den och p\u00e5 alla s\u00e4tt st\u00f6da pluralism och v\u00e4rdem\u00e4ssig m\u00e5ngfald. I dagens l\u00e4ge beh\u00f6vs framf\u00f6r allt mer tolerans och vidsynthet, annars har vi inte f\u00f6ruts\u00e4ttningar att klara av globaliseringens utmaningar och att utnyttja de m\u00f6jligheter den erbjuder.\u201d<\/p>\n<p><strong>F\u00f6rvaltning:<\/strong><\/p>\n<p>Verkst\u00e4llande direkt\u00f6r:<\/p>\n<p>Petra Ehrnrooth<br \/>\n<a href=\"mailto:Petra@pluralismisaatio.fi\">Petra@pluralismisaatio.fi<\/a><br \/>\n+358 45\u00a0143 8244<\/p>\n<p><strong>Styrelse:<\/strong><\/p>\n<p>Joel Backstr\u00f6m<br \/>\nKarin Creutz<br \/>\nJacob Ehrnrooth (Ordf\u00f6rande)<br \/>\nBert Ekroos<br \/>\nLaura Sepp\u00e4l\u00e4[\/vc_column_text][\/vc_column][\/vc_row]\n<\/div>","protected":false},"excerpt":{"rendered":"<p>[\/vc_column_text][\/vc_column][\/vc_row][vc_row css=&#8221;.vc_custom_1677431690530{padding-top: 40px !important;}&#8221;][vc_column][vc_column_text]Stiftelsens tillkomst: Jacob Ehrnrooth grundade Stiftelsen f\u00f6r Pluralism \u00e5r 2012. \u201dBeslutet att grunda en stiftelse mognade under en l\u00e4ngre tid. Min str\u00e4van \u00e4r att p\u00e5 alla omr\u00e5den och p\u00e5 alla s\u00e4tt st\u00f6da pluralism och v\u00e4rdem\u00e4ssig m\u00e5ngfald. I dagens l\u00e4ge beh\u00f6vs framf\u00f6r allt mer tolerans och vidsynthet, annars har vi inte f\u00f6ruts\u00e4ttningar att&#8230;<\/p>\n","protected":false},"author":1,"featured_media":0,"parent":0,"menu_order":0,"comment_status":"closed","ping_status":"closed","template":"page-full.php","meta":{"footnotes":""},"class_list":["post-9","page","type-page","status-publish","hentry"],"yoast_head":"<!-- This site is optimized with the Yoast SEO plugin v25.8 - https:\/\/yoast.com\/wordpress\/plugins\/seo\/ -->\n<title>Stiftelsen - Pluralismis\u00e4\u00e4ti\u00f6<\/title>\n<meta name=\"robots\" content=\"index, follow, max-snippet:-1, max-image-preview:large, max-video-preview:-1\" \/>\n<link rel=\"canonical\" href=\"https:\/\/pluralismisaatio.fi\/saatio\/\" \/>\n<meta property=\"og:locale\" content=\"sv_SE\" \/>\n<meta property=\"og:type\" content=\"article\" \/>\n<meta property=\"og:title\" content=\"Stiftelsen - Pluralismis\u00e4\u00e4ti\u00f6\" \/>\n<meta property=\"og:description\" content=\"[\/vc_column_text][\/vc_column][\/vc_row][vc_row css=&#8221;.vc_custom_1677431690530{padding-top: 40px !important;}&#8221;][vc_column][vc_column_text]Stiftelsens tillkomst: Jacob Ehrnrooth grundade Stiftelsen f\u00f6r Pluralism \u00e5r 2012. \u201dBeslutet att grunda en stiftelse mognade under en l\u00e4ngre tid. Min str\u00e4van \u00e4r att p\u00e5 alla omr\u00e5den och p\u00e5 alla s\u00e4tt st\u00f6da pluralism och v\u00e4rdem\u00e4ssig m\u00e5ngfald. I dagens l\u00e4ge beh\u00f6vs framf\u00f6r allt mer tolerans och vidsynthet, annars har vi inte f\u00f6ruts\u00e4ttningar att...\" \/>\n<meta property=\"og:url\" content=\"https:\/\/pluralismisaatio.fi\/saatio\/\" \/>\n<meta property=\"og:site_name\" content=\"Pluralismis\u00e4\u00e4ti\u00f6\" \/>\n<meta property=\"article:modified_time\" content=\"2024-09-16T09:31:29+00:00\" \/>\n<meta name=\"twitter:card\" content=\"summary_large_image\" \/>\n<meta name=\"twitter:label1\" content=\"Ber\u00e4knad l\u00e4stid\" \/>\n\t<meta name=\"twitter:data1\" content=\"2 minuter\" \/>\n<script type=\"application\/ld+json\" class=\"yoast-schema-graph\">{\"@context\":\"https:\/\/schema.org\",\"@graph\":[{\"@type\":\"WebPage\",\"@id\":\"https:\/\/pluralismisaatio.fi\/saatio\/\",\"url\":\"https:\/\/pluralismisaatio.fi\/saatio\/\",\"name\":\"Stiftelsen - Pluralismis\u00e4\u00e4ti\u00f6\",\"isPartOf\":{\"@id\":\"https:\/\/pluralismisaatio.fi\/#website\"},\"datePublished\":\"2015-11-30T23:08:27+00:00\",\"dateModified\":\"2024-09-16T09:31:29+00:00\",\"breadcrumb\":{\"@id\":\"https:\/\/pluralismisaatio.fi\/saatio\/#breadcrumb\"},\"inLanguage\":\"sv-SE\",\"potentialAction\":[{\"@type\":\"ReadAction\",\"target\":[\"https:\/\/pluralismisaatio.fi\/saatio\/\"]}]},{\"@type\":\"BreadcrumbList\",\"@id\":\"https:\/\/pluralismisaatio.fi\/saatio\/#breadcrumb\",\"itemListElement\":[{\"@type\":\"ListItem\",\"position\":1,\"name\":\"Home\",\"item\":\"https:\/\/pluralismisaatio.fi\/\"},{\"@type\":\"ListItem\",\"position\":2,\"name\":\"S\u00e4\u00e4ti\u00f6\"}]},{\"@type\":\"WebSite\",\"@id\":\"https:\/\/pluralismisaatio.fi\/#website\",\"url\":\"https:\/\/pluralismisaatio.fi\/\",\"name\":\"Pluralismis\u00e4\u00e4ti\u00f6\",\"description\":\"Pluralismis\u00e4\u00e4ti\u00f6\",\"potentialAction\":[{\"@type\":\"SearchAction\",\"target\":{\"@type\":\"EntryPoint\",\"urlTemplate\":\"https:\/\/pluralismisaatio.fi\/?s={search_term_string}\"},\"query-input\":{\"@type\":\"PropertyValueSpecification\",\"valueRequired\":true,\"valueName\":\"search_term_string\"}}],\"inLanguage\":\"sv-SE\"}]}<\/script>\n<!-- \/ Yoast SEO plugin. -->","yoast_head_json":{"title":"Stiftelsen - Pluralismis\u00e4\u00e4ti\u00f6","robots":{"index":"index","follow":"follow","max-snippet":"max-snippet:-1","max-image-preview":"max-image-preview:large","max-video-preview":"max-video-preview:-1"},"canonical":"https:\/\/pluralismisaatio.fi\/saatio\/","og_locale":"sv_SE","og_type":"article","og_title":"Stiftelsen - Pluralismis\u00e4\u00e4ti\u00f6","og_description":"[\/vc_column_text][\/vc_column][\/vc_row][vc_row css=&#8221;.vc_custom_1677431690530{padding-top: 40px !important;}&#8221;][vc_column][vc_column_text]Stiftelsens tillkomst: Jacob Ehrnrooth grundade Stiftelsen f\u00f6r Pluralism \u00e5r 2012. \u201dBeslutet att grunda en stiftelse mognade under en l\u00e4ngre tid. Min str\u00e4van \u00e4r att p\u00e5 alla omr\u00e5den och p\u00e5 alla s\u00e4tt st\u00f6da pluralism och v\u00e4rdem\u00e4ssig m\u00e5ngfald. I dagens l\u00e4ge beh\u00f6vs framf\u00f6r allt mer tolerans och vidsynthet, annars har vi inte f\u00f6ruts\u00e4ttningar att...","og_url":"https:\/\/pluralismisaatio.fi\/saatio\/","og_site_name":"Pluralismis\u00e4\u00e4ti\u00f6","article_modified_time":"2024-09-16T09:31:29+00:00","twitter_card":"summary_large_image","twitter_misc":{"Ber\u00e4knad l\u00e4stid":"2 minuter"},"schema":{"@context":"https:\/\/schema.org","@graph":[{"@type":"WebPage","@id":"https:\/\/pluralismisaatio.fi\/saatio\/","url":"https:\/\/pluralismisaatio.fi\/saatio\/","name":"Stiftelsen - Pluralismis\u00e4\u00e4ti\u00f6","isPartOf":{"@id":"https:\/\/pluralismisaatio.fi\/#website"},"datePublished":"2015-11-30T23:08:27+00:00","dateModified":"2024-09-16T09:31:29+00:00","breadcrumb":{"@id":"https:\/\/pluralismisaatio.fi\/saatio\/#breadcrumb"},"inLanguage":"sv-SE","potentialAction":[{"@type":"ReadAction","target":["https:\/\/pluralismisaatio.fi\/saatio\/"]}]},{"@type":"BreadcrumbList","@id":"https:\/\/pluralismisaatio.fi\/saatio\/#breadcrumb","itemListElement":[{"@type":"ListItem","position":1,"name":"Home","item":"https:\/\/pluralismisaatio.fi\/"},{"@type":"ListItem","position":2,"name":"S\u00e4\u00e4ti\u00f6"}]},{"@type":"WebSite","@id":"https:\/\/pluralismisaatio.fi\/#website","url":"https:\/\/pluralismisaatio.fi\/","name":"Pluralismis\u00e4\u00e4ti\u00f6","description":"Pluralismis\u00e4\u00e4ti\u00f6","potentialAction":[{"@type":"SearchAction","target":{"@type":"EntryPoint","urlTemplate":"https:\/\/pluralismisaatio.fi\/?s={search_term_string}"},"query-input":{"@type":"PropertyValueSpecification","valueRequired":true,"valueName":"search_term_string"}}],"inLanguage":"sv-SE"}]}},"_links":{"self":[{"href":"https:\/\/pluralismisaatio.fi\/sv\/wp-json\/wp\/v2\/pages\/9","targetHints":{"allow":["GET"]}}],"collection":[{"href":"https:\/\/pluralismisaatio.fi\/sv\/wp-json\/wp\/v2\/pages"}],"about":[{"href":"https:\/\/pluralismisaatio.fi\/sv\/wp-json\/wp\/v2\/types\/page"}],"author":[{"embeddable":true,"href":"https:\/\/pluralismisaatio.fi\/sv\/wp-json\/wp\/v2\/users\/1"}],"replies":[{"embeddable":true,"href":"https:\/\/pluralismisaatio.fi\/sv\/wp-json\/wp\/v2\/comments?post=9"}],"version-history":[{"count":48,"href":"https:\/\/pluralismisaatio.fi\/sv\/wp-json\/wp\/v2\/pages\/9\/revisions"}],"predecessor-version":[{"id":582,"href":"https:\/\/pluralismisaatio.fi\/sv\/wp-json\/wp\/v2\/pages\/9\/revisions\/582"}],"wp:attachment":[{"href":"https:\/\/pluralismisaatio.fi\/sv\/wp-json\/wp\/v2\/media?parent=9"}],"curies":[{"name":"wp","href":"https:\/\/api.w.org\/{rel}","templated":true}]}}