{"id":7,"date":"2015-12-01T01:06:26","date_gmt":"2015-11-30T23:06:26","guid":{"rendered":"http:\/\/pluralismisaatio.fi\/?page_id=7"},"modified":"2026-03-31T14:58:19","modified_gmt":"2026-03-31T11:58:19","slug":"etusivu","status":"publish","type":"page","link":"https:\/\/pluralismisaatio.fi\/sv\/","title":{"rendered":"Framsida"},"content":{"rendered":"<div class=\"wpb-content-wrapper\">[vc_row css=&#8221;.vc_custom_1677431669497{padding-top: 40px !important;}&#8221;][vc_column][vc_column_text css=&#8221;&#8221;]Stiftelsen f\u00f6r Pluralism \u00e4r en sj\u00e4lvst\u00e4ndig och politiskt obunden stiftelse som befr\u00e4mjar m\u00e5ngfald och v\u00e4rdepluralism i Finland. Tolerans, kulturell och v\u00e4rdem\u00e4ssig m\u00e5ngfald \u00e4r en rikedom i sig, och har ocks\u00e5 en avg\u00f6rande betydelse f\u00f6r nationens framg\u00e5ng och konkurrenskraft.<\/p>\n<p>Finlands historia \u00e4r internationell. Vi har under \u00e5rhundraden emottagit influenser bland annat fr\u00e5n v\u00e5ra grannkulturer i \u00f6st och v\u00e4st. Dessa influenser har format det land vi lever i idag. Vi anser det vara viktigt att denna positiva utveckling forts\u00e4tter.<br \/>\nVi st\u00f6der organisationer och privatpersoner som arbetar f\u00f6r \u00f6kad m\u00e5ngfald och v\u00e4rdepluralism i Finland.<\/p>\n[\/vc_column_text][\/vc_column][\/vc_row]\n<\/div>","protected":false},"excerpt":{"rendered":"<p>[vc_row css=&#8221;.vc_custom_1677431669497{padding-top: 40px !important;}&#8221;][vc_column][vc_column_text css=&#8221;&#8221;]Stiftelsen f\u00f6r Pluralism \u00e4r en sj\u00e4lvst\u00e4ndig och politiskt obunden stiftelse som befr\u00e4mjar m\u00e5ngfald och v\u00e4rdepluralism i Finland. Tolerans, kulturell och v\u00e4rdem\u00e4ssig m\u00e5ngfald \u00e4r en rikedom i sig, och har ocks\u00e5 en avg\u00f6rande betydelse f\u00f6r nationens framg\u00e5ng och konkurrenskraft. Finlands historia \u00e4r internationell. Vi har under \u00e5rhundraden emottagit influenser bland annat fr\u00e5n&#8230;<\/p>\n","protected":false},"author":1,"featured_media":0,"parent":0,"menu_order":0,"comment_status":"closed","ping_status":"closed","template":"page-full.php","meta":{"footnotes":""},"class_list":["post-7","page","type-page","status-publish","hentry"],"yoast_head":"<!-- This site is optimized with the Yoast SEO plugin v25.8 - https:\/\/yoast.com\/wordpress\/plugins\/seo\/ -->\n<title>Framsida - Pluralismis\u00e4\u00e4ti\u00f6<\/title>\n<meta name=\"robots\" content=\"index, follow, max-snippet:-1, max-image-preview:large, max-video-preview:-1\" \/>\n<link rel=\"canonical\" href=\"https:\/\/pluralismisaatio.fi\/\" \/>\n<meta property=\"og:locale\" content=\"sv_SE\" \/>\n<meta property=\"og:type\" content=\"article\" \/>\n<meta property=\"og:title\" content=\"Framsida - Pluralismis\u00e4\u00e4ti\u00f6\" \/>\n<meta property=\"og:description\" content=\"[vc_row css=&#8221;.vc_custom_1677431669497{padding-top: 40px !important;}&#8221;][vc_column][vc_column_text css=&#8221;&#8221;]Stiftelsen f\u00f6r Pluralism \u00e4r en sj\u00e4lvst\u00e4ndig och politiskt obunden stiftelse som befr\u00e4mjar m\u00e5ngfald och v\u00e4rdepluralism i Finland. Tolerans, kulturell och v\u00e4rdem\u00e4ssig m\u00e5ngfald \u00e4r en rikedom i sig, och har ocks\u00e5 en avg\u00f6rande betydelse f\u00f6r nationens framg\u00e5ng och konkurrenskraft. Finlands historia \u00e4r internationell. Vi har under \u00e5rhundraden emottagit influenser bland annat fr\u00e5n...\" \/>\n<meta property=\"og:url\" content=\"https:\/\/pluralismisaatio.fi\/\" \/>\n<meta property=\"og:site_name\" content=\"Pluralismis\u00e4\u00e4ti\u00f6\" \/>\n<meta property=\"article:modified_time\" content=\"2026-03-31T11:58:19+00:00\" \/>\n<meta name=\"twitter:card\" content=\"summary_large_image\" \/>\n<meta name=\"twitter:label1\" content=\"Ber\u00e4knad l\u00e4stid\" \/>\n\t<meta name=\"twitter:data1\" content=\"1 minut\" \/>\n<script type=\"application\/ld+json\" class=\"yoast-schema-graph\">{\"@context\":\"https:\/\/schema.org\",\"@graph\":[{\"@type\":\"WebPage\",\"@id\":\"https:\/\/pluralismisaatio.fi\/\",\"url\":\"https:\/\/pluralismisaatio.fi\/\",\"name\":\"Framsida - Pluralismis\u00e4\u00e4ti\u00f6\",\"isPartOf\":{\"@id\":\"https:\/\/pluralismisaatio.fi\/#website\"},\"datePublished\":\"2015-11-30T23:06:26+00:00\",\"dateModified\":\"2026-03-31T11:58:19+00:00\",\"breadcrumb\":{\"@id\":\"https:\/\/pluralismisaatio.fi\/#breadcrumb\"},\"inLanguage\":\"sv-SE\",\"potentialAction\":[{\"@type\":\"ReadAction\",\"target\":[\"https:\/\/pluralismisaatio.fi\/\"]}]},{\"@type\":\"BreadcrumbList\",\"@id\":\"https:\/\/pluralismisaatio.fi\/#breadcrumb\",\"itemListElement\":[{\"@type\":\"ListItem\",\"position\":1,\"name\":\"Home\",\"item\":\"https:\/\/pluralismisaatio.fi\/\"},{\"@type\":\"ListItem\",\"position\":2,\"name\":\"Etusivu\"}]},{\"@type\":\"WebSite\",\"@id\":\"https:\/\/pluralismisaatio.fi\/#website\",\"url\":\"https:\/\/pluralismisaatio.fi\/\",\"name\":\"Pluralismis\u00e4\u00e4ti\u00f6\",\"description\":\"Pluralismis\u00e4\u00e4ti\u00f6\",\"potentialAction\":[{\"@type\":\"SearchAction\",\"target\":{\"@type\":\"EntryPoint\",\"urlTemplate\":\"https:\/\/pluralismisaatio.fi\/?s={search_term_string}\"},\"query-input\":{\"@type\":\"PropertyValueSpecification\",\"valueRequired\":true,\"valueName\":\"search_term_string\"}}],\"inLanguage\":\"sv-SE\"}]}<\/script>\n<!-- \/ Yoast SEO plugin. -->","yoast_head_json":{"title":"Framsida - Pluralismis\u00e4\u00e4ti\u00f6","robots":{"index":"index","follow":"follow","max-snippet":"max-snippet:-1","max-image-preview":"max-image-preview:large","max-video-preview":"max-video-preview:-1"},"canonical":"https:\/\/pluralismisaatio.fi\/","og_locale":"sv_SE","og_type":"article","og_title":"Framsida - Pluralismis\u00e4\u00e4ti\u00f6","og_description":"[vc_row css=&#8221;.vc_custom_1677431669497{padding-top: 40px !important;}&#8221;][vc_column][vc_column_text css=&#8221;&#8221;]Stiftelsen f\u00f6r Pluralism \u00e4r en sj\u00e4lvst\u00e4ndig och politiskt obunden stiftelse som befr\u00e4mjar m\u00e5ngfald och v\u00e4rdepluralism i Finland. Tolerans, kulturell och v\u00e4rdem\u00e4ssig m\u00e5ngfald \u00e4r en rikedom i sig, och har ocks\u00e5 en avg\u00f6rande betydelse f\u00f6r nationens framg\u00e5ng och konkurrenskraft. Finlands historia \u00e4r internationell. Vi har under \u00e5rhundraden emottagit influenser bland annat fr\u00e5n...","og_url":"https:\/\/pluralismisaatio.fi\/","og_site_name":"Pluralismis\u00e4\u00e4ti\u00f6","article_modified_time":"2026-03-31T11:58:19+00:00","twitter_card":"summary_large_image","twitter_misc":{"Ber\u00e4knad l\u00e4stid":"1 minut"},"schema":{"@context":"https:\/\/schema.org","@graph":[{"@type":"WebPage","@id":"https:\/\/pluralismisaatio.fi\/","url":"https:\/\/pluralismisaatio.fi\/","name":"Framsida - Pluralismis\u00e4\u00e4ti\u00f6","isPartOf":{"@id":"https:\/\/pluralismisaatio.fi\/#website"},"datePublished":"2015-11-30T23:06:26+00:00","dateModified":"2026-03-31T11:58:19+00:00","breadcrumb":{"@id":"https:\/\/pluralismisaatio.fi\/#breadcrumb"},"inLanguage":"sv-SE","potentialAction":[{"@type":"ReadAction","target":["https:\/\/pluralismisaatio.fi\/"]}]},{"@type":"BreadcrumbList","@id":"https:\/\/pluralismisaatio.fi\/#breadcrumb","itemListElement":[{"@type":"ListItem","position":1,"name":"Home","item":"https:\/\/pluralismisaatio.fi\/"},{"@type":"ListItem","position":2,"name":"Etusivu"}]},{"@type":"WebSite","@id":"https:\/\/pluralismisaatio.fi\/#website","url":"https:\/\/pluralismisaatio.fi\/","name":"Pluralismis\u00e4\u00e4ti\u00f6","description":"Pluralismis\u00e4\u00e4ti\u00f6","potentialAction":[{"@type":"SearchAction","target":{"@type":"EntryPoint","urlTemplate":"https:\/\/pluralismisaatio.fi\/?s={search_term_string}"},"query-input":{"@type":"PropertyValueSpecification","valueRequired":true,"valueName":"search_term_string"}}],"inLanguage":"sv-SE"}]}},"_links":{"self":[{"href":"https:\/\/pluralismisaatio.fi\/sv\/wp-json\/wp\/v2\/pages\/7","targetHints":{"allow":["GET"]}}],"collection":[{"href":"https:\/\/pluralismisaatio.fi\/sv\/wp-json\/wp\/v2\/pages"}],"about":[{"href":"https:\/\/pluralismisaatio.fi\/sv\/wp-json\/wp\/v2\/types\/page"}],"author":[{"embeddable":true,"href":"https:\/\/pluralismisaatio.fi\/sv\/wp-json\/wp\/v2\/users\/1"}],"replies":[{"embeddable":true,"href":"https:\/\/pluralismisaatio.fi\/sv\/wp-json\/wp\/v2\/comments?post=7"}],"version-history":[{"count":105,"href":"https:\/\/pluralismisaatio.fi\/sv\/wp-json\/wp\/v2\/pages\/7\/revisions"}],"predecessor-version":[{"id":616,"href":"https:\/\/pluralismisaatio.fi\/sv\/wp-json\/wp\/v2\/pages\/7\/revisions\/616"}],"wp:attachment":[{"href":"https:\/\/pluralismisaatio.fi\/sv\/wp-json\/wp\/v2\/media?parent=7"}],"curies":[{"name":"wp","href":"https:\/\/api.w.org\/{rel}","templated":true}]}}