{"id":17,"date":"2015-12-01T01:16:38","date_gmt":"2015-11-30T23:16:38","guid":{"rendered":"http:\/\/pluralismisaatio.fi\/?page_id=17"},"modified":"2023-02-27T19:29:13","modified_gmt":"2023-02-27T17:29:13","slug":"yhteystiedot","status":"publish","type":"page","link":"https:\/\/pluralismisaatio.fi\/sv\/yhteystiedot\/","title":{"rendered":"Kontaktuppgifter"},"content":{"rendered":"<div class=\"wpb-content-wrapper\">[vc_row css=&#8221;.vc_custom_1677431739384{padding-top: 40px !important;}&#8221;][vc_column][vc_column_text]\n<p style=\"text-align: center;\"><strong>Kontaktuppgifter<\/strong><\/p>\n<p style=\"text-align: center;\">Stiftelsen f\u00f6r Pluralism<\/p>\n<p style=\"text-align: center;\">c\/o Batofin Oy Ab<br \/>\nEtel\u00e4ranta 6A<br \/>\n00130 Helsinki<\/p>\n<p style=\"text-align: center;\">Verkst\u00e4llande direkt\u00f6r:<\/p>\n<p style=\"text-align: center;\">Petra Ehrnrooth<br \/>\n<a href=\"mailto:Petra@pluralismisaatio.fi\">Petra@pluralismisaatio.fi<\/a><br \/>\n+358 45\u00a0143 8244<\/p>\n[\/vc_column_text][\/vc_column][\/vc_row]\n<\/div>","protected":false},"excerpt":{"rendered":"<p>[vc_row css=&#8221;.vc_custom_1677431739384{padding-top: 40px !important;}&#8221;][vc_column][vc_column_text] Kontaktuppgifter Stiftelsen f\u00f6r Pluralism c\/o Batofin Oy Ab Etel\u00e4ranta 6A 00130 Helsinki Verkst\u00e4llande direkt\u00f6r: Petra Ehrnrooth Petra@pluralismisaatio.fi +358 45\u00a0143 8244 [\/vc_column_text][\/vc_column][\/vc_row]<\/p>\n","protected":false},"author":1,"featured_media":0,"parent":0,"menu_order":0,"comment_status":"closed","ping_status":"closed","template":"page-full.php","meta":{"footnotes":""},"class_list":["post-17","page","type-page","status-publish","hentry"],"yoast_head":"<!-- This site is optimized with the Yoast SEO plugin v25.8 - https:\/\/yoast.com\/wordpress\/plugins\/seo\/ -->\n<title>Kontaktuppgifter - Pluralismis\u00e4\u00e4ti\u00f6<\/title>\n<meta name=\"robots\" content=\"index, follow, max-snippet:-1, max-image-preview:large, max-video-preview:-1\" \/>\n<link rel=\"canonical\" href=\"https:\/\/pluralismisaatio.fi\/yhteystiedot\/\" \/>\n<meta property=\"og:locale\" content=\"sv_SE\" \/>\n<meta property=\"og:type\" content=\"article\" \/>\n<meta property=\"og:title\" content=\"Kontaktuppgifter - Pluralismis\u00e4\u00e4ti\u00f6\" \/>\n<meta property=\"og:description\" content=\"[vc_row css=&#8221;.vc_custom_1677431739384{padding-top: 40px !important;}&#8221;][vc_column][vc_column_text] Kontaktuppgifter Stiftelsen f\u00f6r Pluralism c\/o Batofin Oy Ab Etel\u00e4ranta 6A 00130 Helsinki Verkst\u00e4llande direkt\u00f6r: Petra Ehrnrooth Petra@pluralismisaatio.fi +358 45\u00a0143 8244 [\/vc_column_text][\/vc_column][\/vc_row]\" \/>\n<meta property=\"og:url\" content=\"https:\/\/pluralismisaatio.fi\/yhteystiedot\/\" \/>\n<meta property=\"og:site_name\" content=\"Pluralismis\u00e4\u00e4ti\u00f6\" \/>\n<meta property=\"article:modified_time\" content=\"2023-02-27T17:29:13+00:00\" \/>\n<meta name=\"twitter:card\" content=\"summary_large_image\" \/>\n<meta name=\"twitter:label1\" content=\"Ber\u00e4knad l\u00e4stid\" \/>\n\t<meta name=\"twitter:data1\" content=\"1 minut\" \/>\n<script type=\"application\/ld+json\" class=\"yoast-schema-graph\">{\"@context\":\"https:\/\/schema.org\",\"@graph\":[{\"@type\":\"WebPage\",\"@id\":\"https:\/\/pluralismisaatio.fi\/yhteystiedot\/\",\"url\":\"https:\/\/pluralismisaatio.fi\/yhteystiedot\/\",\"name\":\"Kontaktuppgifter - Pluralismis\u00e4\u00e4ti\u00f6\",\"isPartOf\":{\"@id\":\"https:\/\/pluralismisaatio.fi\/#website\"},\"datePublished\":\"2015-11-30T23:16:38+00:00\",\"dateModified\":\"2023-02-27T17:29:13+00:00\",\"breadcrumb\":{\"@id\":\"https:\/\/pluralismisaatio.fi\/yhteystiedot\/#breadcrumb\"},\"inLanguage\":\"sv-SE\",\"potentialAction\":[{\"@type\":\"ReadAction\",\"target\":[\"https:\/\/pluralismisaatio.fi\/yhteystiedot\/\"]}]},{\"@type\":\"BreadcrumbList\",\"@id\":\"https:\/\/pluralismisaatio.fi\/yhteystiedot\/#breadcrumb\",\"itemListElement\":[{\"@type\":\"ListItem\",\"position\":1,\"name\":\"Home\",\"item\":\"https:\/\/pluralismisaatio.fi\/\"},{\"@type\":\"ListItem\",\"position\":2,\"name\":\"Yhteystiedot\"}]},{\"@type\":\"WebSite\",\"@id\":\"https:\/\/pluralismisaatio.fi\/#website\",\"url\":\"https:\/\/pluralismisaatio.fi\/\",\"name\":\"Pluralismis\u00e4\u00e4ti\u00f6\",\"description\":\"Pluralismis\u00e4\u00e4ti\u00f6\",\"potentialAction\":[{\"@type\":\"SearchAction\",\"target\":{\"@type\":\"EntryPoint\",\"urlTemplate\":\"https:\/\/pluralismisaatio.fi\/?s={search_term_string}\"},\"query-input\":{\"@type\":\"PropertyValueSpecification\",\"valueRequired\":true,\"valueName\":\"search_term_string\"}}],\"inLanguage\":\"sv-SE\"}]}<\/script>\n<!-- \/ Yoast SEO plugin. -->","yoast_head_json":{"title":"Kontaktuppgifter - Pluralismis\u00e4\u00e4ti\u00f6","robots":{"index":"index","follow":"follow","max-snippet":"max-snippet:-1","max-image-preview":"max-image-preview:large","max-video-preview":"max-video-preview:-1"},"canonical":"https:\/\/pluralismisaatio.fi\/yhteystiedot\/","og_locale":"sv_SE","og_type":"article","og_title":"Kontaktuppgifter - Pluralismis\u00e4\u00e4ti\u00f6","og_description":"[vc_row css=&#8221;.vc_custom_1677431739384{padding-top: 40px !important;}&#8221;][vc_column][vc_column_text] Kontaktuppgifter Stiftelsen f\u00f6r Pluralism c\/o Batofin Oy Ab Etel\u00e4ranta 6A 00130 Helsinki Verkst\u00e4llande direkt\u00f6r: Petra Ehrnrooth Petra@pluralismisaatio.fi +358 45\u00a0143 8244 [\/vc_column_text][\/vc_column][\/vc_row]","og_url":"https:\/\/pluralismisaatio.fi\/yhteystiedot\/","og_site_name":"Pluralismis\u00e4\u00e4ti\u00f6","article_modified_time":"2023-02-27T17:29:13+00:00","twitter_card":"summary_large_image","twitter_misc":{"Ber\u00e4knad l\u00e4stid":"1 minut"},"schema":{"@context":"https:\/\/schema.org","@graph":[{"@type":"WebPage","@id":"https:\/\/pluralismisaatio.fi\/yhteystiedot\/","url":"https:\/\/pluralismisaatio.fi\/yhteystiedot\/","name":"Kontaktuppgifter - Pluralismis\u00e4\u00e4ti\u00f6","isPartOf":{"@id":"https:\/\/pluralismisaatio.fi\/#website"},"datePublished":"2015-11-30T23:16:38+00:00","dateModified":"2023-02-27T17:29:13+00:00","breadcrumb":{"@id":"https:\/\/pluralismisaatio.fi\/yhteystiedot\/#breadcrumb"},"inLanguage":"sv-SE","potentialAction":[{"@type":"ReadAction","target":["https:\/\/pluralismisaatio.fi\/yhteystiedot\/"]}]},{"@type":"BreadcrumbList","@id":"https:\/\/pluralismisaatio.fi\/yhteystiedot\/#breadcrumb","itemListElement":[{"@type":"ListItem","position":1,"name":"Home","item":"https:\/\/pluralismisaatio.fi\/"},{"@type":"ListItem","position":2,"name":"Yhteystiedot"}]},{"@type":"WebSite","@id":"https:\/\/pluralismisaatio.fi\/#website","url":"https:\/\/pluralismisaatio.fi\/","name":"Pluralismis\u00e4\u00e4ti\u00f6","description":"Pluralismis\u00e4\u00e4ti\u00f6","potentialAction":[{"@type":"SearchAction","target":{"@type":"EntryPoint","urlTemplate":"https:\/\/pluralismisaatio.fi\/?s={search_term_string}"},"query-input":{"@type":"PropertyValueSpecification","valueRequired":true,"valueName":"search_term_string"}}],"inLanguage":"sv-SE"}]}},"_links":{"self":[{"href":"https:\/\/pluralismisaatio.fi\/sv\/wp-json\/wp\/v2\/pages\/17","targetHints":{"allow":["GET"]}}],"collection":[{"href":"https:\/\/pluralismisaatio.fi\/sv\/wp-json\/wp\/v2\/pages"}],"about":[{"href":"https:\/\/pluralismisaatio.fi\/sv\/wp-json\/wp\/v2\/types\/page"}],"author":[{"embeddable":true,"href":"https:\/\/pluralismisaatio.fi\/sv\/wp-json\/wp\/v2\/users\/1"}],"replies":[{"embeddable":true,"href":"https:\/\/pluralismisaatio.fi\/sv\/wp-json\/wp\/v2\/comments?post=17"}],"version-history":[{"count":37,"href":"https:\/\/pluralismisaatio.fi\/sv\/wp-json\/wp\/v2\/pages\/17\/revisions"}],"predecessor-version":[{"id":525,"href":"https:\/\/pluralismisaatio.fi\/sv\/wp-json\/wp\/v2\/pages\/17\/revisions\/525"}],"wp:attachment":[{"href":"https:\/\/pluralismisaatio.fi\/sv\/wp-json\/wp\/v2\/media?parent=17"}],"curies":[{"name":"wp","href":"https:\/\/api.w.org\/{rel}","templated":true}]}}