{"id":13,"date":"2015-12-01T01:13:38","date_gmt":"2015-11-30T23:13:38","guid":{"rendered":"http:\/\/pluralismisaatio.fi\/?page_id=13"},"modified":"2026-03-31T14:59:46","modified_gmt":"2026-03-31T11:59:46","slug":"hakuohjeet","status":"publish","type":"page","link":"https:\/\/pluralismisaatio.fi\/sv\/hakuohjeet\/","title":{"rendered":"Stipendier"},"content":{"rendered":"<div class=\"wpb-content-wrapper\">[vc_row][vc_column][vc_column_text][\/vc_column_text][\/vc_column][\/vc_row][vc_row css=&#8221;.vc_custom_1677431715885{padding-top: 40px !important;}&#8221;][vc_column][vc_column_text css=&#8221;&#8221;]<strong>Stipendier<\/strong><\/p>\n<p>Stiftelsen f\u00f6r Pluralism har som syfte att fr\u00e4mja pluralism i Finland. Prim\u00e4rt st\u00f6der vi kulturell och v\u00e4rdem\u00e4ssig m\u00e5ngfald.<\/p>\n<p>M\u00e5nga som kommit till Finland fr\u00e5n andra l\u00e4nder m\u00f6ter oj\u00e4mlikhet och diskriminering, och samtidigt g\u00f6r det polariserade och sp\u00e4nda samh\u00e4llsklimatet det n\u00e4ra nog om\u00f6jligt att f\u00f6ra en respektfull dialog om gemensamma fr\u00e5gor. Genom v\u00e5ra bidrag vill vi vara med om att svara p\u00e5 dessa utmaningar. Vi vill bygga ett \u00f6ppet Finland som k\u00e4nnetecknas av allas j\u00e4mlikhet och en str\u00e4van till \u00f6msesidig f\u00f6rst\u00e5else.<\/p>\n<p>Vi st\u00f6der i f\u00f6rsta hand projekt som uppfyller ett eller flera av f\u00f6ljande kriterier:<\/p>\n<ul>\n<li>Projektet st\u00f6der den kulturella m\u00e5ngfalden och f\u00f6rebygger diskriminering<\/li>\n<li>Projektet skapar f\u00f6ruts\u00e4ttningar f\u00f6r saklig och respektfull dialog och \u00f6kad f\u00f6rst\u00e5else genom positiva medel<\/li>\n<li>Projektet st\u00e4rker kunnandet inom medborgarorganisationer (p\u00e5 olika s\u00e4tt beroende p\u00e5 behoven i det enskilda fallet)<\/li>\n<\/ul>\n<p><strong>V\u00e4rderade faktorer:<\/strong><\/p>\n<ul>\n<li>Samarbetsprojekt som f\u00f6renar olika akt\u00f6rer och parter.<\/li>\n<li>St\u00f6dja sm\u00e5 organisationer med tillv\u00e4xtpotential.<\/li>\n<li>Utvidga verksamheten och utveckla kompetens.<\/li>\n<li>Verksamhetens h\u00e5llbarhet och god f\u00f6rvaltning.<\/li>\n<\/ul>\n<p><strong>Bidrag:<\/strong><\/p>\n<ul>\n<li>Beloppen varierar vanligtvis mellan \u20ac1 500 och \u20ac3 000 per \u00e5r.<\/li>\n<li>St\u00f6dformer inkluderar b\u00e5de projektbidrag och allm\u00e4nt st\u00f6d, t.ex. f\u00f6r hyror och l\u00f6ner.<\/li>\n<\/ul>\n<p><strong>Bidrag beviljas inte f\u00f6r f\u00f6ljande \u00e4ndam\u00e5l:<\/strong><\/p>\n<ul>\n<li>Examensarbeten som pro gradu eller motsvarande.<\/li>\n<li>Fr\u00e4mjande av sexuella- och k\u00f6nsminoriteters r\u00e4ttigheter.<\/li>\n<li>Projekt relaterade till funktionshinderorganisationer eller funktionshinderprojekt.<\/li>\n<li>Akt\u00f6rer som prim\u00e4rt st\u00f6der evenemangs- och kulturproduktion.<\/li>\n<\/ul>\n[\/vc_column_text][\/vc_column][\/vc_row]\n<\/div>","protected":false},"excerpt":{"rendered":"<p>[vc_row][vc_column][vc_column_text][\/vc_column_text][\/vc_column][\/vc_row][vc_row css=&#8221;.vc_custom_1677431715885{padding-top: 40px !important;}&#8221;][vc_column][vc_column_text css=&#8221;&#8221;]Stipendier Stiftelsen f\u00f6r Pluralism har som syfte att fr\u00e4mja pluralism i Finland. Prim\u00e4rt st\u00f6der vi kulturell och v\u00e4rdem\u00e4ssig m\u00e5ngfald. M\u00e5nga som kommit till Finland fr\u00e5n andra l\u00e4nder m\u00f6ter oj\u00e4mlikhet och diskriminering, och samtidigt g\u00f6r det polariserade och sp\u00e4nda samh\u00e4llsklimatet det n\u00e4ra nog om\u00f6jligt att f\u00f6ra en respektfull dialog om gemensamma fr\u00e5gor&#8230;.<\/p>\n","protected":false},"author":1,"featured_media":0,"parent":0,"menu_order":0,"comment_status":"closed","ping_status":"closed","template":"page-full.php","meta":{"footnotes":""},"class_list":["post-13","page","type-page","status-publish","hentry"],"yoast_head":"<!-- This site is optimized with the Yoast SEO plugin v25.8 - https:\/\/yoast.com\/wordpress\/plugins\/seo\/ -->\n<title>Stipendier - Pluralismis\u00e4\u00e4ti\u00f6<\/title>\n<meta name=\"robots\" content=\"index, follow, max-snippet:-1, max-image-preview:large, max-video-preview:-1\" \/>\n<link rel=\"canonical\" href=\"https:\/\/pluralismisaatio.fi\/hakuohjeet\/\" \/>\n<meta property=\"og:locale\" content=\"sv_SE\" \/>\n<meta property=\"og:type\" content=\"article\" \/>\n<meta property=\"og:title\" content=\"Stipendier - Pluralismis\u00e4\u00e4ti\u00f6\" \/>\n<meta property=\"og:description\" content=\"[vc_row][vc_column][vc_column_text][\/vc_column_text][\/vc_column][\/vc_row][vc_row css=&#8221;.vc_custom_1677431715885{padding-top: 40px !important;}&#8221;][vc_column][vc_column_text css=&#8221;&#8221;]Stipendier Stiftelsen f\u00f6r Pluralism har som syfte att fr\u00e4mja pluralism i Finland. Prim\u00e4rt st\u00f6der vi kulturell och v\u00e4rdem\u00e4ssig m\u00e5ngfald. M\u00e5nga som kommit till Finland fr\u00e5n andra l\u00e4nder m\u00f6ter oj\u00e4mlikhet och diskriminering, och samtidigt g\u00f6r det polariserade och sp\u00e4nda samh\u00e4llsklimatet det n\u00e4ra nog om\u00f6jligt att f\u00f6ra en respektfull dialog om gemensamma fr\u00e5gor....\" \/>\n<meta property=\"og:url\" content=\"https:\/\/pluralismisaatio.fi\/hakuohjeet\/\" \/>\n<meta property=\"og:site_name\" content=\"Pluralismis\u00e4\u00e4ti\u00f6\" \/>\n<meta property=\"article:modified_time\" content=\"2026-03-31T11:59:46+00:00\" \/>\n<meta name=\"twitter:card\" content=\"summary_large_image\" \/>\n<meta name=\"twitter:label1\" content=\"Ber\u00e4knad l\u00e4stid\" \/>\n\t<meta name=\"twitter:data1\" content=\"2 minuter\" \/>\n<script type=\"application\/ld+json\" class=\"yoast-schema-graph\">{\"@context\":\"https:\/\/schema.org\",\"@graph\":[{\"@type\":\"WebPage\",\"@id\":\"https:\/\/pluralismisaatio.fi\/hakuohjeet\/\",\"url\":\"https:\/\/pluralismisaatio.fi\/hakuohjeet\/\",\"name\":\"Stipendier - Pluralismis\u00e4\u00e4ti\u00f6\",\"isPartOf\":{\"@id\":\"https:\/\/pluralismisaatio.fi\/#website\"},\"datePublished\":\"2015-11-30T23:13:38+00:00\",\"dateModified\":\"2026-03-31T11:59:46+00:00\",\"breadcrumb\":{\"@id\":\"https:\/\/pluralismisaatio.fi\/hakuohjeet\/#breadcrumb\"},\"inLanguage\":\"sv-SE\",\"potentialAction\":[{\"@type\":\"ReadAction\",\"target\":[\"https:\/\/pluralismisaatio.fi\/hakuohjeet\/\"]}]},{\"@type\":\"BreadcrumbList\",\"@id\":\"https:\/\/pluralismisaatio.fi\/hakuohjeet\/#breadcrumb\",\"itemListElement\":[{\"@type\":\"ListItem\",\"position\":1,\"name\":\"Home\",\"item\":\"https:\/\/pluralismisaatio.fi\/\"},{\"@type\":\"ListItem\",\"position\":2,\"name\":\"Apurahat\"}]},{\"@type\":\"WebSite\",\"@id\":\"https:\/\/pluralismisaatio.fi\/#website\",\"url\":\"https:\/\/pluralismisaatio.fi\/\",\"name\":\"Pluralismis\u00e4\u00e4ti\u00f6\",\"description\":\"Pluralismis\u00e4\u00e4ti\u00f6\",\"potentialAction\":[{\"@type\":\"SearchAction\",\"target\":{\"@type\":\"EntryPoint\",\"urlTemplate\":\"https:\/\/pluralismisaatio.fi\/?s={search_term_string}\"},\"query-input\":{\"@type\":\"PropertyValueSpecification\",\"valueRequired\":true,\"valueName\":\"search_term_string\"}}],\"inLanguage\":\"sv-SE\"}]}<\/script>\n<!-- \/ Yoast SEO plugin. -->","yoast_head_json":{"title":"Stipendier - Pluralismis\u00e4\u00e4ti\u00f6","robots":{"index":"index","follow":"follow","max-snippet":"max-snippet:-1","max-image-preview":"max-image-preview:large","max-video-preview":"max-video-preview:-1"},"canonical":"https:\/\/pluralismisaatio.fi\/hakuohjeet\/","og_locale":"sv_SE","og_type":"article","og_title":"Stipendier - Pluralismis\u00e4\u00e4ti\u00f6","og_description":"[vc_row][vc_column][vc_column_text][\/vc_column_text][\/vc_column][\/vc_row][vc_row css=&#8221;.vc_custom_1677431715885{padding-top: 40px !important;}&#8221;][vc_column][vc_column_text css=&#8221;&#8221;]Stipendier Stiftelsen f\u00f6r Pluralism har som syfte att fr\u00e4mja pluralism i Finland. Prim\u00e4rt st\u00f6der vi kulturell och v\u00e4rdem\u00e4ssig m\u00e5ngfald. M\u00e5nga som kommit till Finland fr\u00e5n andra l\u00e4nder m\u00f6ter oj\u00e4mlikhet och diskriminering, och samtidigt g\u00f6r det polariserade och sp\u00e4nda samh\u00e4llsklimatet det n\u00e4ra nog om\u00f6jligt att f\u00f6ra en respektfull dialog om gemensamma fr\u00e5gor....","og_url":"https:\/\/pluralismisaatio.fi\/hakuohjeet\/","og_site_name":"Pluralismis\u00e4\u00e4ti\u00f6","article_modified_time":"2026-03-31T11:59:46+00:00","twitter_card":"summary_large_image","twitter_misc":{"Ber\u00e4knad l\u00e4stid":"2 minuter"},"schema":{"@context":"https:\/\/schema.org","@graph":[{"@type":"WebPage","@id":"https:\/\/pluralismisaatio.fi\/hakuohjeet\/","url":"https:\/\/pluralismisaatio.fi\/hakuohjeet\/","name":"Stipendier - Pluralismis\u00e4\u00e4ti\u00f6","isPartOf":{"@id":"https:\/\/pluralismisaatio.fi\/#website"},"datePublished":"2015-11-30T23:13:38+00:00","dateModified":"2026-03-31T11:59:46+00:00","breadcrumb":{"@id":"https:\/\/pluralismisaatio.fi\/hakuohjeet\/#breadcrumb"},"inLanguage":"sv-SE","potentialAction":[{"@type":"ReadAction","target":["https:\/\/pluralismisaatio.fi\/hakuohjeet\/"]}]},{"@type":"BreadcrumbList","@id":"https:\/\/pluralismisaatio.fi\/hakuohjeet\/#breadcrumb","itemListElement":[{"@type":"ListItem","position":1,"name":"Home","item":"https:\/\/pluralismisaatio.fi\/"},{"@type":"ListItem","position":2,"name":"Apurahat"}]},{"@type":"WebSite","@id":"https:\/\/pluralismisaatio.fi\/#website","url":"https:\/\/pluralismisaatio.fi\/","name":"Pluralismis\u00e4\u00e4ti\u00f6","description":"Pluralismis\u00e4\u00e4ti\u00f6","potentialAction":[{"@type":"SearchAction","target":{"@type":"EntryPoint","urlTemplate":"https:\/\/pluralismisaatio.fi\/?s={search_term_string}"},"query-input":{"@type":"PropertyValueSpecification","valueRequired":true,"valueName":"search_term_string"}}],"inLanguage":"sv-SE"}]}},"_links":{"self":[{"href":"https:\/\/pluralismisaatio.fi\/sv\/wp-json\/wp\/v2\/pages\/13","targetHints":{"allow":["GET"]}}],"collection":[{"href":"https:\/\/pluralismisaatio.fi\/sv\/wp-json\/wp\/v2\/pages"}],"about":[{"href":"https:\/\/pluralismisaatio.fi\/sv\/wp-json\/wp\/v2\/types\/page"}],"author":[{"embeddable":true,"href":"https:\/\/pluralismisaatio.fi\/sv\/wp-json\/wp\/v2\/users\/1"}],"replies":[{"embeddable":true,"href":"https:\/\/pluralismisaatio.fi\/sv\/wp-json\/wp\/v2\/comments?post=13"}],"version-history":[{"count":187,"href":"https:\/\/pluralismisaatio.fi\/sv\/wp-json\/wp\/v2\/pages\/13\/revisions"}],"predecessor-version":[{"id":617,"href":"https:\/\/pluralismisaatio.fi\/sv\/wp-json\/wp\/v2\/pages\/13\/revisions\/617"}],"wp:attachment":[{"href":"https:\/\/pluralismisaatio.fi\/sv\/wp-json\/wp\/v2\/media?parent=13"}],"curies":[{"name":"wp","href":"https:\/\/api.w.org\/{rel}","templated":true}]}}