{"id":15,"date":"2015-12-01T01:14:45","date_gmt":"2015-11-30T23:14:45","guid":{"rendered":"http:\/\/pluralismisaatio.fi\/?page_id=15"},"modified":"2026-03-31T15:12:03","modified_gmt":"2026-03-31T12:12:03","slug":"tuen-saajat","status":"publish","type":"page","link":"https:\/\/pluralismisaatio.fi\/en\/tuen-saajat\/","title":{"rendered":"Grantees"},"content":{"rendered":"<div class=\"wpb-content-wrapper\">[vc_row][vc_column][vc_column_text css=&#8221;&#8221;]<b>2025 apurahan saajat<\/b><\/p>\n<p>Arktiset Maahanmuuttajat ry<br \/>\nHouse of the New Theatre<br \/>\nKultuurikeskus Ninho ry<br \/>\nKuopion Seudun Yritt\u00e4j\u00e4naiset ry<br \/>\nL\u00e4hi-id\u00e4n naisten yhdistys ry<br \/>\nMoniheli ry<br \/>\nSuomen kulttuurienv\u00e4linen yhteis\u00f6 (SKY) ry<br \/>\nSuomen Monikulttuurinen Liikuntaliitto FIMU ry<br \/>\nVapaa Liikkuvuus ry[\/vc_column_text][\/vc_column][\/vc_row][vc_row][vc_column][vc_column_text][\/vc_column_text][\/vc_column][\/vc_row]\n<\/div>","protected":false},"excerpt":{"rendered":"<p>[vc_row][vc_column][vc_column_text css=&#8221;&#8221;]2025 apurahan saajat Arktiset Maahanmuuttajat ry House of the New Theatre Kultuurikeskus Ninho ry Kuopion Seudun Yritt\u00e4j\u00e4naiset ry L\u00e4hi-id\u00e4n naisten yhdistys ry Moniheli ry Suomen kulttuurienv\u00e4linen yhteis\u00f6 (SKY) ry Suomen Monikulttuurinen Liikuntaliitto FIMU ry Vapaa Liikkuvuus ry[\/vc_column_text][\/vc_column][\/vc_row][vc_row][vc_column][vc_column_text][\/vc_column_text][\/vc_column][\/vc_row]<\/p>\n","protected":false},"author":1,"featured_media":0,"parent":0,"menu_order":0,"comment_status":"closed","ping_status":"closed","template":"page-full.php","meta":{"footnotes":""},"class_list":["post-15","page","type-page","status-publish","hentry"],"yoast_head":"<!-- This site is optimized with the Yoast SEO plugin v25.8 - https:\/\/yoast.com\/wordpress\/plugins\/seo\/ -->\n<title>Grantees - Pluralismis\u00e4\u00e4ti\u00f6<\/title>\n<meta name=\"robots\" content=\"index, follow, max-snippet:-1, max-image-preview:large, max-video-preview:-1\" \/>\n<link rel=\"canonical\" href=\"https:\/\/pluralismisaatio.fi\/tuen-saajat\/\" \/>\n<meta property=\"og:locale\" content=\"en_US\" \/>\n<meta property=\"og:type\" content=\"article\" \/>\n<meta property=\"og:title\" content=\"Grantees - Pluralismis\u00e4\u00e4ti\u00f6\" \/>\n<meta property=\"og:description\" content=\"[vc_row][vc_column][vc_column_text css=&#8221;&#8221;]2025 apurahan saajat Arktiset Maahanmuuttajat ry House of the New Theatre Kultuurikeskus Ninho ry Kuopion Seudun Yritt\u00e4j\u00e4naiset ry L\u00e4hi-id\u00e4n naisten yhdistys ry Moniheli ry Suomen kulttuurienv\u00e4linen yhteis\u00f6 (SKY) ry Suomen Monikulttuurinen Liikuntaliitto FIMU ry Vapaa Liikkuvuus ry[\/vc_column_text][\/vc_column][\/vc_row][vc_row][vc_column][vc_column_text][\/vc_column_text][\/vc_column][\/vc_row]\" \/>\n<meta property=\"og:url\" content=\"https:\/\/pluralismisaatio.fi\/tuen-saajat\/\" \/>\n<meta property=\"og:site_name\" content=\"Pluralismis\u00e4\u00e4ti\u00f6\" \/>\n<meta property=\"article:modified_time\" content=\"2026-03-31T12:12:03+00:00\" \/>\n<meta name=\"twitter:card\" content=\"summary_large_image\" \/>\n<meta name=\"twitter:label1\" content=\"Est. reading time\" \/>\n\t<meta name=\"twitter:data1\" content=\"1 minute\" \/>\n<script type=\"application\/ld+json\" class=\"yoast-schema-graph\">{\"@context\":\"https:\/\/schema.org\",\"@graph\":[{\"@type\":\"WebPage\",\"@id\":\"https:\/\/pluralismisaatio.fi\/tuen-saajat\/\",\"url\":\"https:\/\/pluralismisaatio.fi\/tuen-saajat\/\",\"name\":\"Grantees - Pluralismis\u00e4\u00e4ti\u00f6\",\"isPartOf\":{\"@id\":\"https:\/\/pluralismisaatio.fi\/#website\"},\"datePublished\":\"2015-11-30T23:14:45+00:00\",\"dateModified\":\"2026-03-31T12:12:03+00:00\",\"breadcrumb\":{\"@id\":\"https:\/\/pluralismisaatio.fi\/tuen-saajat\/#breadcrumb\"},\"inLanguage\":\"en-US\",\"potentialAction\":[{\"@type\":\"ReadAction\",\"target\":[\"https:\/\/pluralismisaatio.fi\/tuen-saajat\/\"]}]},{\"@type\":\"BreadcrumbList\",\"@id\":\"https:\/\/pluralismisaatio.fi\/tuen-saajat\/#breadcrumb\",\"itemListElement\":[{\"@type\":\"ListItem\",\"position\":1,\"name\":\"Home\",\"item\":\"https:\/\/pluralismisaatio.fi\/\"},{\"@type\":\"ListItem\",\"position\":2,\"name\":\"Tuen saajat\"}]},{\"@type\":\"WebSite\",\"@id\":\"https:\/\/pluralismisaatio.fi\/#website\",\"url\":\"https:\/\/pluralismisaatio.fi\/\",\"name\":\"Pluralismis\u00e4\u00e4ti\u00f6\",\"description\":\"Pluralismis\u00e4\u00e4ti\u00f6\",\"potentialAction\":[{\"@type\":\"SearchAction\",\"target\":{\"@type\":\"EntryPoint\",\"urlTemplate\":\"https:\/\/pluralismisaatio.fi\/?s={search_term_string}\"},\"query-input\":{\"@type\":\"PropertyValueSpecification\",\"valueRequired\":true,\"valueName\":\"search_term_string\"}}],\"inLanguage\":\"en-US\"}]}<\/script>\n<!-- \/ Yoast SEO plugin. -->","yoast_head_json":{"title":"Grantees - Pluralismis\u00e4\u00e4ti\u00f6","robots":{"index":"index","follow":"follow","max-snippet":"max-snippet:-1","max-image-preview":"max-image-preview:large","max-video-preview":"max-video-preview:-1"},"canonical":"https:\/\/pluralismisaatio.fi\/tuen-saajat\/","og_locale":"en_US","og_type":"article","og_title":"Grantees - Pluralismis\u00e4\u00e4ti\u00f6","og_description":"[vc_row][vc_column][vc_column_text css=&#8221;&#8221;]2025 apurahan saajat Arktiset Maahanmuuttajat ry House of the New Theatre Kultuurikeskus Ninho ry Kuopion Seudun Yritt\u00e4j\u00e4naiset ry L\u00e4hi-id\u00e4n naisten yhdistys ry Moniheli ry Suomen kulttuurienv\u00e4linen yhteis\u00f6 (SKY) ry Suomen Monikulttuurinen Liikuntaliitto FIMU ry Vapaa Liikkuvuus ry[\/vc_column_text][\/vc_column][\/vc_row][vc_row][vc_column][vc_column_text][\/vc_column_text][\/vc_column][\/vc_row]","og_url":"https:\/\/pluralismisaatio.fi\/tuen-saajat\/","og_site_name":"Pluralismis\u00e4\u00e4ti\u00f6","article_modified_time":"2026-03-31T12:12:03+00:00","twitter_card":"summary_large_image","twitter_misc":{"Est. reading time":"1 minute"},"schema":{"@context":"https:\/\/schema.org","@graph":[{"@type":"WebPage","@id":"https:\/\/pluralismisaatio.fi\/tuen-saajat\/","url":"https:\/\/pluralismisaatio.fi\/tuen-saajat\/","name":"Grantees - Pluralismis\u00e4\u00e4ti\u00f6","isPartOf":{"@id":"https:\/\/pluralismisaatio.fi\/#website"},"datePublished":"2015-11-30T23:14:45+00:00","dateModified":"2026-03-31T12:12:03+00:00","breadcrumb":{"@id":"https:\/\/pluralismisaatio.fi\/tuen-saajat\/#breadcrumb"},"inLanguage":"en-US","potentialAction":[{"@type":"ReadAction","target":["https:\/\/pluralismisaatio.fi\/tuen-saajat\/"]}]},{"@type":"BreadcrumbList","@id":"https:\/\/pluralismisaatio.fi\/tuen-saajat\/#breadcrumb","itemListElement":[{"@type":"ListItem","position":1,"name":"Home","item":"https:\/\/pluralismisaatio.fi\/"},{"@type":"ListItem","position":2,"name":"Tuen saajat"}]},{"@type":"WebSite","@id":"https:\/\/pluralismisaatio.fi\/#website","url":"https:\/\/pluralismisaatio.fi\/","name":"Pluralismis\u00e4\u00e4ti\u00f6","description":"Pluralismis\u00e4\u00e4ti\u00f6","potentialAction":[{"@type":"SearchAction","target":{"@type":"EntryPoint","urlTemplate":"https:\/\/pluralismisaatio.fi\/?s={search_term_string}"},"query-input":{"@type":"PropertyValueSpecification","valueRequired":true,"valueName":"search_term_string"}}],"inLanguage":"en-US"}]}},"_links":{"self":[{"href":"https:\/\/pluralismisaatio.fi\/en\/wp-json\/wp\/v2\/pages\/15","targetHints":{"allow":["GET"]}}],"collection":[{"href":"https:\/\/pluralismisaatio.fi\/en\/wp-json\/wp\/v2\/pages"}],"about":[{"href":"https:\/\/pluralismisaatio.fi\/en\/wp-json\/wp\/v2\/types\/page"}],"author":[{"embeddable":true,"href":"https:\/\/pluralismisaatio.fi\/en\/wp-json\/wp\/v2\/users\/1"}],"replies":[{"embeddable":true,"href":"https:\/\/pluralismisaatio.fi\/en\/wp-json\/wp\/v2\/comments?post=15"}],"version-history":[{"count":46,"href":"https:\/\/pluralismisaatio.fi\/en\/wp-json\/wp\/v2\/pages\/15\/revisions"}],"predecessor-version":[{"id":276,"href":"https:\/\/pluralismisaatio.fi\/en\/wp-json\/wp\/v2\/pages\/15\/revisions\/276"}],"wp:attachment":[{"href":"https:\/\/pluralismisaatio.fi\/en\/wp-json\/wp\/v2\/media?parent=15"}],"curies":[{"name":"wp","href":"https:\/\/api.w.org\/{rel}","templated":true}]}}